{"id":17,"date":"2019-02-03T11:55:15","date_gmt":"2019-02-03T11:55:15","guid":{"rendered":"http:\/\/nicole-bauer.at\/?page_id=17"},"modified":"2025-03-28T20:13:05","modified_gmt":"2025-03-28T20:13:05","slug":"psychotherapie","status":"publish","type":"page","link":"https:\/\/nicole-bauer.at\/?page_id=17","title":{"rendered":"Psychotherapie"},"content":{"rendered":"\n<h2 class=\"wp-block-heading\">Systemisch Familientherapie<\/h2>\n\n\n\n<p>Ich  arbeite im Rahmen eines systemisch-narrativen sowie hypnosystemischen Ansatzes mit Einzelpersonen aller Altersgruppen, mit Paaren und mit Familien.<\/p>\n\n\n\n<p>Der systemische Ansatz in der Psychotherapie bedeutet, dass Menschen nicht nur als Individuum, sondern&nbsp;auch eingebettet in ein bestimmtes System bzw. einen bestimmten Kontext (z.B. Arbeit, Familie, Schule)&nbsp;betrachtet werden. Dabei lege ich methodisch den Fokus&nbsp; unter anderem auf die Betrachtung von Beziehungsgef\u00fcgen.<\/p>\n\n\n\n<p>Eine klassische Methode um Beziehungsgef\u00fcge sichtbar zu machen, stellt beispielsweise die Arbeit mit dem&nbsp;Familienbrett&nbsp;dar. Dabei kann nicht nur die&nbsp;Familie aufgestellt werden, sondern auch alle anderen Systeme (z.B. innere Anteile, berufliche Themen).<\/p>\n\n\n\n<h5 class=\"wp-block-heading\">Grunds\u00e4tze und Ziele der systemischen Familientherapie<\/h5>\n\n\n\n<ul class=\"wp-block-list\">\n<li>Ressourcen- und l\u00f6sungsorientiertes Vorgehen<\/li>\n\n\n\n<li>Therapeutische Arbeit auf Augenh\u00f6he<\/li>\n\n\n\n<li>Unterst\u00fctzung bei pers\u00f6nlichen Ver\u00e4nderungsprozessen und der Entwicklung von L\u00f6sungsschritten<\/li>\n\n\n\n<li>F\u00f6rderung der&nbsp;Selbstwirksamkeit<\/li>\n\n\n\n<li>(Wieder-)Herstellung von&nbsp;Handlungsf\u00e4higkeit<\/li>\n\n\n\n<li>Gemeinsame Entwicklung einer neuen Sicht auf belastende Lebensereignisse und Situationen <\/li>\n\n\n\n<li>Identifikation von einschr\u00e4nkenden Narrationen und Familiengeschichten und Unterst\u00fctzung bei der Gestaltung eines entwicklungsf\u00f6rdernden Lebensentwurfes<\/li>\n<\/ul>\n\n\n\n<h5 class=\"wp-block-heading\">Therapieangebote<\/h5>\n\n\n\n<ul class=\"wp-block-list\">\n<li>Einzeltherapie<\/li>\n\n\n\n<li>Paartherapie<\/li>\n\n\n\n<li>Familientherapie<\/li>\n\n\n\n<li>Sexual- und Paartherapie (in Ausbildung)<\/li>\n<\/ul>\n\n\n\n<h5 class=\"wp-block-heading\">Anliegen<\/h5>\n\n\n\n<ul class=\"wp-block-list\">\n<li>Selbsterfahrung und pers\u00f6nliche Entwicklung<\/li>\n\n\n\n<li>Krisenhafte Zeiten und Lebensver\u00e4nderungen<\/li>\n\n\n\n<li>Pr\u00fcfungsangst und Lampenfieber<\/li>\n\n\n\n<li>Schwierigkeiten im Beruf<\/li>\n\n\n\n<li>Stress und \u00dcberlastung<\/li>\n\n\n\n<li>Probleme in Beziehungen, Familie oder Partnerschaft<\/li>\n\n\n\n<li>Selbstwertthemen<\/li>\n\n\n\n<li>Tod- und Trauer<\/li>\n\n\n\n<li>Trauma- und Belastungsst\u00f6rungen<\/li>\n\n\n\n<li>Transgenerationale Weitergabe von Trauma<\/li>\n\n\n\n<li>\u00c4ngste und Zw\u00e4nge<\/li>\n\n\n\n<li>Depressives Erleben<\/li>\n\n\n\n<li>Spirituelle und religi\u00f6se Themen<\/li>\n\n\n\n<li>Umgang mit au\u00dfergew\u00f6hnlichen Erfahrungen<\/li>\n\n\n\n<li>&#8230;<\/li>\n<\/ul>\n\n\n\n<h5 class=\"wp-block-heading\">Herangehensweise<\/h5>\n\n\n\n<ul class=\"wp-block-list\">\n<li>Genogramm<\/li>\n\n\n\n<li>Familienbrett<\/li>\n\n\n\n<li>Familienskulptur<\/li>\n\n\n\n<li>Elemente der ziel- und l\u00f6sungsorientierten Therapie (nach Steve de Shazar, Insoo Kim Berg, Viginar Satir)<\/li>\n\n\n\n<li>Elemente der hypnosysthemischen Therapie (nach Milton Erikson, Gunther Schmidt)<\/li>\n\n\n\n<li>Elemente der narrativen Therapie (nach Michael White, David Epston)<\/li>\n<\/ul>\n\n\n\n<h5 class=\"wp-block-heading\">Weiterf\u00fchrende Informationen<\/h5>\n\n\n\n<ul class=\"wp-block-list\">\n<li>www.oeas.at\/therapie\/systemische-familientherapie<\/li>\n\n\n\n<li>www.psychotherapie.at<\/li>\n<\/ul>\n\n\n\n<p><\/p>\n\n\n\n<p><\/p>\n","protected":false},"excerpt":{"rendered":"<p>Systemisch Familientherapie Ich arbeite im Rahmen eines systemisch-narrativen sowie hypnosystemischen Ansatzes mit Einzelpersonen aller Altersgruppen, mit Paaren und mit Familien. Der systemische Ansatz in der Psychotherapie bedeutet, dass Menschen nicht nur als Individuum, sondern&nbsp;auch eingebettet in ein bestimmtes System bzw. einen bestimmten Kontext (z.B. Arbeit, Familie, Schule)&nbsp;betrachtet werden. Dabei lege ich methodisch den Fokus&nbsp; unter &hellip; <\/p>\n<p class=\"link-more\"><a href=\"https:\/\/nicole-bauer.at\/?page_id=17\" class=\"more-link\"><span class=\"screen-reader-text\">\u201ePsychotherapie\u201c <\/span>weiterlesen<\/a><\/p>\n","protected":false},"author":1,"featured_media":0,"parent":0,"menu_order":0,"comment_status":"closed","ping_status":"closed","template":"","meta":{"footnotes":""},"class_list":["post-17","page","type-page","status-publish","hentry"],"_links":{"self":[{"href":"https:\/\/nicole-bauer.at\/index.php?rest_route=\/wp\/v2\/pages\/17","targetHints":{"allow":["GET"]}}],"collection":[{"href":"https:\/\/nicole-bauer.at\/index.php?rest_route=\/wp\/v2\/pages"}],"about":[{"href":"https:\/\/nicole-bauer.at\/index.php?rest_route=\/wp\/v2\/types\/page"}],"author":[{"embeddable":true,"href":"https:\/\/nicole-bauer.at\/index.php?rest_route=\/wp\/v2\/users\/1"}],"replies":[{"embeddable":true,"href":"https:\/\/nicole-bauer.at\/index.php?rest_route=%2Fwp%2Fv2%2Fcomments&post=17"}],"version-history":[{"count":20,"href":"https:\/\/nicole-bauer.at\/index.php?rest_route=\/wp\/v2\/pages\/17\/revisions"}],"predecessor-version":[{"id":567,"href":"https:\/\/nicole-bauer.at\/index.php?rest_route=\/wp\/v2\/pages\/17\/revisions\/567"}],"wp:attachment":[{"href":"https:\/\/nicole-bauer.at\/index.php?rest_route=%2Fwp%2Fv2%2Fmedia&parent=17"}],"curies":[{"name":"wp","href":"https:\/\/api.w.org\/{rel}","templated":true}]}}