{"id":461,"date":"2021-11-24T08:21:28","date_gmt":"2021-11-24T08:21:28","guid":{"rendered":"https:\/\/nicole-bauer.at\/?page_id=461"},"modified":"2023-06-29T11:13:03","modified_gmt":"2023-06-29T11:13:03","slug":"systemische-beratung","status":"publish","type":"page","link":"https:\/\/nicole-bauer.at\/?page_id=461","title":{"rendered":"Systemische Beratung"},"content":{"rendered":"\n<p>In der&nbsp;systemischen Beratung<strong>&nbsp;<\/strong>arbeiten wir gemeinsam an einer gew\u00fcnschten Ver\u00e4nderung in Bezug auf eine erlebte Problem- oder&nbsp;Entscheidungssituation.&nbsp;Im Gegensatz zur Psychotherapie gestaltet sich der Beratungsprozess meist k\u00fcrzer, zudem&nbsp;werden in der Beratung keine krankheitswertigen St\u00f6rungen behandelt. In der gemeinsamen Reflexion Ihrer pers\u00f6nlichen Bed\u00fcrfnisse werden Prozesse angeregt, die die eigene Wahrnehmung erweitern und so neue L\u00f6sungsm\u00f6glichkeiten und Wege entstehen lassen. Dies wiederum erm\u00f6glicht eine positive und zufriedenstellende Lebensgestaltung.<\/p>\n\n\n\n<p>F\u00fcr manche Anfragen gen\u00fcgt ein Informationsgespr\u00e4ch. Je nach individueller Situation und pers\u00f6nlichem Anliegen kann jedoch auch eine intensivere Beratung mit weiteren Terminen erfolgen. <\/p>\n\n\n\n<p>In manchen F\u00e4llen verweise ich auf Netzwerk-und Kooperationspartner, wo Sie mit Ihrem Anliegen fachgerecht beraten werden.<\/p>\n\n\n\n<h5 class=\"wp-block-heading\">Themen<\/h5>\n\n\n\n<ul class=\"wp-block-list\">\n<li>Bildungs- und Berufsberatung<\/li>\n\n\n\n<li>Entscheidungsfindungen<\/li>\n\n\n\n<li>Famili\u00e4re Probleme<\/li>\n\n\n\n<li>Konfliktbew\u00e4ltigungsstrategien<\/li>\n\n\n\n<li>Umgang mit aktuellen Lebenskrisen<\/li>\n\n\n\n<li>Beratung im Bereich Religion und Weltanschauungsfragen <\/li>\n<\/ul>\n","protected":false},"excerpt":{"rendered":"<p>In der&nbsp;systemischen Beratung&nbsp;arbeiten wir gemeinsam an einer gew\u00fcnschten Ver\u00e4nderung in Bezug auf eine erlebte Problem- oder&nbsp;Entscheidungssituation.&nbsp;Im Gegensatz zur Psychotherapie gestaltet sich der Beratungsprozess meist k\u00fcrzer, zudem&nbsp;werden in der Beratung keine krankheitswertigen St\u00f6rungen behandelt. In der gemeinsamen Reflexion Ihrer pers\u00f6nlichen Bed\u00fcrfnisse werden Prozesse angeregt, die die eigene Wahrnehmung erweitern und so neue L\u00f6sungsm\u00f6glichkeiten und Wege entstehen &hellip; <\/p>\n<p class=\"link-more\"><a href=\"https:\/\/nicole-bauer.at\/?page_id=461\" class=\"more-link\"><span class=\"screen-reader-text\">\u201eSystemische Beratung\u201c <\/span>weiterlesen<\/a><\/p>\n","protected":false},"author":2,"featured_media":0,"parent":0,"menu_order":0,"comment_status":"closed","ping_status":"closed","template":"","meta":{"footnotes":""},"class_list":["post-461","page","type-page","status-publish","hentry"],"_links":{"self":[{"href":"https:\/\/nicole-bauer.at\/index.php?rest_route=\/wp\/v2\/pages\/461","targetHints":{"allow":["GET"]}}],"collection":[{"href":"https:\/\/nicole-bauer.at\/index.php?rest_route=\/wp\/v2\/pages"}],"about":[{"href":"https:\/\/nicole-bauer.at\/index.php?rest_route=\/wp\/v2\/types\/page"}],"author":[{"embeddable":true,"href":"https:\/\/nicole-bauer.at\/index.php?rest_route=\/wp\/v2\/users\/2"}],"replies":[{"embeddable":true,"href":"https:\/\/nicole-bauer.at\/index.php?rest_route=%2Fwp%2Fv2%2Fcomments&post=461"}],"version-history":[{"count":6,"href":"https:\/\/nicole-bauer.at\/index.php?rest_route=\/wp\/v2\/pages\/461\/revisions"}],"predecessor-version":[{"id":536,"href":"https:\/\/nicole-bauer.at\/index.php?rest_route=\/wp\/v2\/pages\/461\/revisions\/536"}],"wp:attachment":[{"href":"https:\/\/nicole-bauer.at\/index.php?rest_route=%2Fwp%2Fv2%2Fmedia&parent=461"}],"curies":[{"name":"wp","href":"https:\/\/api.w.org\/{rel}","templated":true}]}}